{"id":2,"date":"2012-10-02T17:46:53","date_gmt":"2012-10-02T15:46:53","guid":{"rendered":"http:\/\/medicinamunciimures.ro\/wp\/?page_id=2"},"modified":"2012-10-29T22:34:26","modified_gmt":"2012-10-29T20:34:26","slug":"performata-evolutie-calitate","status":"publish","type":"page","link":"http:\/\/medicinamunciimures.ro\/wp\/?page_id=2","title":{"rendered":"P.P.E.C."},"content":{"rendered":"<h2><span style=\"color: #ff0000;\"><em><strong>\u00a0 Performanta, Profesionalism, Evolutie, Calitate\u00a0<\/strong><\/em><\/span><\/h2>\n<p><span style=\"color: #ff0000;\"><strong>MED SAN PREST <\/strong><\/span>este o companie specializat\u0103 \u00een acordarea de <strong>servicii medicale de Medicina Muncii<\/strong>. Gama de servicii medicale oferite este \u00een conformitate cu prevederile legale din domeniu. Asigur\u0103m servicii specializate pentru orice societate\/tip de activitate \u0219i orice tip de profesie la preturi imbatabile, plec\u00e2nd de la 25 RON\/angajat\/an.<\/p>\n<p><span style=\"color: #0000ff;\"><strong>Serviciul de Medicina Muncii <\/strong><\/span>urm\u0103re\u015fte identificarea riscurilor profesionale, prevenirea \u00eemboln\u0103virilor legate de profesie, depistarea activ\u0103 a bolilor profesionale \u0219i a bolilor legate de profesiune, testarea aptitudinii \u00een munc\u0103 a angaja\u0163ilor, promovarea st\u0103rii de s\u0103n\u0103tate a acestora, consilierea de specialitate a angajatorului \u0219i a angaja\u021bilor \u0219i nu \u00een ultimul r\u00e2nd sc\u0103derea absenteismului la locul de munc\u0103.<\/p>\n<p><span style=\"color: #ff0000;\"><strong>MED SAN PREST <\/strong><\/span>dispune de aparatur\u0103 ultramodern\u0103, o echip\u0103 dinamic\u0103, prompt\u0103, format\u0103 din profesioni\u0219ti des\u0103v\u00e2r\u0219i\u021bi, oferte flexibile, imbatabile \u015fi servicii strict adaptate nevoilor clientului.<\/p>\n<p>V\u0103 invit\u0103m s\u0103 consulta\u021bi sec\u021biunea de servicii oferite de societatea noastr\u0103, iar apoi s\u0103 v\u0103 convinge\u021bi singuri f\u0103c\u00e2nd o programare online sau contact\u00e2ndu-ne pentru mai multe detalii.<\/p>\n<p><img decoding=\"async\" title=\"More...\" src=\"http:\/\/medicinamunciimures.ro\/wp\/wp-includes\/js\/tinymce\/plugins\/wordpress\/img\/trans.gif\" alt=\"\" \/><!--more--><\/p>\n<p><span style=\"color: #ff0000;\"><strong>Controlul medical la angajare include:<\/strong><\/span><\/p>\n<p>&#8211; \u00a0\u00eentocmirea dosarului medical tip<br \/>\n&#8211;\u00a0\u00a0examenul clinic efectuat de medicul specialist de medicina muncii<br \/>\n&#8211;\u00a0\u00a0examene clinice \u015fi paraclinice complementare, func\u021bie de condi\u021biile de munc\u0103, diferen\u0163iate \u00een func\u0163ie de v\u00e2rst\u0103, sex, stare de s\u0103n\u0103tate.<\/p>\n<p><span style=\"color: #ff0000;\"><strong>Controlul medical periodic include:<\/strong><\/span><\/p>\n<p>&#8211;\u00a0\u00a0\u00eenregistrarea evenimentelor medicale care s-au petrecut \u00een intervalul de la examenul medical \u00een vederea angaj\u0103rii, sau la ultimul control medical periodic p\u00e2n\u0103 \u00een momentul controlului medical periodic respectiv<br \/>\n&#8211;\u00a0\u00a0examenul clinic efectuat de medicul specialist de medicina muncii<br \/>\n&#8211;\u00a0\u00a0examene clinice \u015fi paraclinice complementare, func\u021bie de condi\u021biile de munc\u0103,\u00a0diferen\u0163iate \u00een func\u0163ie de v\u00e2rst\u0103, sex, stare de s\u0103n\u0103tate.<\/p>\n<p><span style=\"color: #ff0000;\"><strong>Obliga\u0163ia angajatorului este de a completa pentru fiecare angajat:<\/strong><\/span><\/p>\n<p>&#8211;\u00a0\u00a0Fi\u015fa de solicitare pentru angajare \/ pentru controlul medical periodic;<br \/>\n&#8211;\u00a0\u00a0Fi\u015fa de identificare a factorilor de risc profesional (angajare \/ control periodic);<br \/>\n&#8211;\u00a0\u00a0Monitorizarea st\u0103rii de s\u0103n\u0103tate a personalului expus la riscuri profesionale.<\/p>\n<p><span style=\"color: #ff0000;\"><strong>Eliberarea fi\u0219ei de aptitudine:<\/strong><\/span><\/p>\n<p><strong><\/strong>\u00a0&#8211; \u00a0Dup\u0103 efectuarea examin\u0103rilor clinice \u0219i paraclinice, medicul specialist de medicina muncii va evalua dosarul \u0219i va stabili aptitudinea \u00een munc\u0103 prin eliberarea\u00a0<strong>fi\u0219ei de aptitudine.<\/strong><\/p>\n<p>&nbsp;<\/p>\n<p>Orice angajat cu aptitudine condi\u0163ionat\u0103 sau inapt temporar va intra \u00eentr-un program de supraveghere special\u0103, \u00een care medicul de medicina muncii va urm\u0103rii evolu\u0163ia afec\u0163iunii depistate p\u00e2n\u0103 la vindecarea \/ stabilizarea ei. \u00cen tot acest timp \u00a0 va lua leg\u0103tura cu medicul de familie sau medicul specialist aceast\u0103 etap\u0103 de recuperare fiind deosebit de important\u0103 pentru reintegrarea \u00een munc\u0103 a angajatului.<\/p>\n<p>Medicul de medicina muncii va prezenta angajatorului, la cerere, un raport scris cu privire la situa\u0163ia st\u0103rii de s\u0103n\u0103tate a angaja\u0163ilor \u00een rela\u0163ie cu condi\u0163iile de munc\u0103 \u015fi riscurile profesionale.<\/p>\n<p>&nbsp;<\/p>\n<p>&nbsp;<\/p>\n","protected":false},"excerpt":{"rendered":"<p>\u00a0 Performanta, Profesionalism, Evolutie, Calitate\u00a0 MED SAN PREST este o companie specializat\u0103 \u00een acordarea de servicii medicale de Medicina Muncii. Gama de servicii medicale oferite este \u00een conformitate cu prevederile legale din domeniu. Asigur\u0103m servicii specializate pentru orice societate\/tip de activitate \u0219i orice tip de profesie la preturi imbatabile, plec\u00e2nd<a href=\"http:\/\/medicinamunciimures.ro\/wp\/?page_id=2\" class=\"read-more\">Read the Rest&#8230;<\/a><\/p>\n","protected":false},"author":1,"featured_media":0,"parent":0,"menu_order":0,"comment_status":"closed","ping_status":"closed","template":"","meta":{"om_disable_all_campaigns":false,"_monsterinsights_skip_tracking":false,"_monsterinsights_sitenote_active":false,"_monsterinsights_sitenote_note":"","_monsterinsights_sitenote_category":0,"footnotes":""},"class_list":["post-2","page","type-page","status-publish","hentry"],"aioseo_notices":[],"_links":{"self":[{"href":"http:\/\/medicinamunciimures.ro\/wp\/index.php?rest_route=\/wp\/v2\/pages\/2","targetHints":{"allow":["GET"]}}],"collection":[{"href":"http:\/\/medicinamunciimures.ro\/wp\/index.php?rest_route=\/wp\/v2\/pages"}],"about":[{"href":"http:\/\/medicinamunciimures.ro\/wp\/index.php?rest_route=\/wp\/v2\/types\/page"}],"author":[{"embeddable":true,"href":"http:\/\/medicinamunciimures.ro\/wp\/index.php?rest_route=\/wp\/v2\/users\/1"}],"replies":[{"embeddable":true,"href":"http:\/\/medicinamunciimures.ro\/wp\/index.php?rest_route=%2Fwp%2Fv2%2Fcomments&post=2"}],"version-history":[{"count":16,"href":"http:\/\/medicinamunciimures.ro\/wp\/index.php?rest_route=\/wp\/v2\/pages\/2\/revisions"}],"predecessor-version":[{"id":17,"href":"http:\/\/medicinamunciimures.ro\/wp\/index.php?rest_route=\/wp\/v2\/pages\/2\/revisions\/17"}],"wp:attachment":[{"href":"http:\/\/medicinamunciimures.ro\/wp\/index.php?rest_route=%2Fwp%2Fv2%2Fmedia&parent=2"}],"curies":[{"name":"wp","href":"https:\/\/api.w.org\/{rel}","templated":true}]}}