{"id":22,"date":"2012-10-02T21:15:03","date_gmt":"2012-10-02T19:15:03","guid":{"rendered":"http:\/\/medicinamunciimures.ro\/wp\/?page_id=22"},"modified":"2012-10-30T14:21:35","modified_gmt":"2012-10-30T12:21:35","slug":"servicii","status":"publish","type":"page","link":"http:\/\/medicinamunciimures.ro\/wp\/?page_id=22","title":{"rendered":"SERVICII"},"content":{"rendered":"<p>Venind \u00een \u00eent\u00e2mpinarea necesit\u0103\u021bii dvs de a v\u0103 conforma legisla\u021biei \u00een vigoare privind s\u0103n\u0103tatea \u0219i securitatea \u00een munc\u0103 (Legea 319\/2006 actualizat\u0103 \u0219i Normele de aplicare actualizate de HG 955\/2010, HG 355\/2007 actualizat\u0103 de HG 1069\/2011), oferim agen\u021bilor economici servicii complete de medicina muncii:<\/p>\n<ul>\n<li><span style=\"color: #ff0000;\"><strong>Vizitarea locurilor de munc\u0103 \u0219i aprecierea obiectiv\u0103 a condi\u021biilor de munc\u0103.<\/strong><\/span><\/li>\n<li><span style=\"color: #ff0000;\"><strong>Serviciile medicale profilactice necesare supravegherii st\u0103rii de s\u0103n\u0103tate <\/strong><\/span>a angaja\u0163ilor se realizeaz\u0103 prin:\n<ul>\n<li><span style=\"color: #ff0000;\"><strong>examen medical la angajare <\/strong><\/span>&#8211; structurat conform profesiei \u015fi a fi\u015fei de expunere la riscuri; stabile\u015fte aptitudinea \u00een munc\u0103.<\/li>\n<li><span style=\"color: #ff0000;\"><strong>examen medical de adaptare <\/strong><\/span>&#8211; stabile\u015fte aptitudinea \u00een munc\u0103 dup\u0103 o anumit\u0103 perioad\u0103 de timp de la angajare \u00een cazul persoanelor angajate \u00een locuri de munc\u0103 cu risc dovedit sau poten\u0163ial.<\/li>\n<li><span style=\"color: #ff0000;\"><strong>control medical periodic <\/strong><\/span>&#8211; structurat conform profesiei \u015fi a fi\u015fei de expunere la riscuri; stabile\u015fte aptitudinea \u00een munc\u0103.<\/li>\n<li><span style=\"color: #ff0000;\"><strong>examen medical la reluarea activit\u0103\u021bii<\/strong><\/span> dup\u0103 o \u00eentrerupere a activit\u0103\u021bii de minimum 90 de zile, pentru motive medicale, sau de 6 luni, pentru orice alte motive.<\/li>\n<\/ul>\n<\/li>\n<li><strong>\u00eentocmirea dosarului medical pentru fiecare angajat <\/strong>\u015fi <strong>p\u0103strarea dosarelor medicale \u015fi a fi\u015felor de identificare a riscurilor profesionale<\/strong>.<\/li>\n<li>la finalizarea examin\u0103rilor legate de medicina muncii, angajatul \u015fi angajatorul vor primi rezultatul evalu\u0103rii prin intermediul <span style=\"color: #ff0000;\"><strong>fi\u015fei de aptitudine <\/strong><\/span>\u00een care se men\u0163ioneaz\u0103 aptitudinea \u00een munc\u0103 conform profesiei\/func\u0163iei.<\/li>\n<li><strong>testare<\/strong> <strong>psihologic\u0103<\/strong>,<strong> <\/strong>efectuat\u0103 de c\u0103tre psiholog specializat <strong>\u00een psihologia muncii<\/strong><\/li>\n<li><strong>asisten\u021b\u0103 medical\u0103<\/strong>, inclusiv de urgen\u021b\u0103, <strong>la locul de munc\u0103<\/strong>.<\/li>\n<li><strong>informarea periodic\u0103<\/strong> a angajatorului asupra st\u0103rii de s\u0103n\u0103tate a personalului angajat.<\/li>\n<li><strong>identificarea \u0219i comunicarea riscului profesional<\/strong> c\u0103tre to\u0163i factorii implica\u0163i in procesul muncii \u0219i a locurilor de munc\u0103 cu risc crescut de a produce<strong> accidente de munc\u0103 \u0219i\/sau boli profesionale<\/strong>.<\/li>\n<li><strong>consiliere<\/strong> privind<strong> investiga\u021biile necesare<\/strong> prevazute de legisla\u021bia \u00een vigoare corespunz\u0103toare fiec\u0103rui loc de munc\u0103 \u00een parte.<\/li>\n<li>consilierea angajatorului privind <span style=\"color: #ff0000;\"><strong>m\u0103surile tehnico-organizatorice \u015fi medicale<\/strong><\/span> ce se impun.<\/li>\n<li>participarea activ\u0103 la \u015fedin\u0163ele<span style=\"color: #ff0000;\"><strong> comitetului de securitate \u015fi s\u0103n\u0103tate \u00een munc\u0103<\/strong><\/span> \u0219i prezentarea rapoartelor cu privire la starea de s\u0103n\u0103tate a angaja\u021bilor \u00een rela\u021bie cu condi\u021biile de munc\u0103 \u0219i riscurile profesionale, la ac\u021biunile medicale \u00eentreprinse \u0219i eficien\u021ba acestora.<\/li>\n<li><strong>consilierea<\/strong> angajatorului privind <span style=\"color: #ff0000;\"><strong>organizarea muncii<\/strong>, <strong>amenajarea ergonomic\u0103<\/strong><\/span> a locului de munc\u0103, utilizarea \u00een condi\u021bii de securitate a substan\u021belor chimice folosite \u00een procesul tehnologic precum \u0219i repartizarea sarcinilor de munc\u0103, \u021bin\u00e2nd seama de capacitatea \u0219i aptitudinile angaja\u021bilor de a le executa.<\/li>\n<li>semnalizarea cazului de boal\u0103 profesional\u0103 \u0219i \u00een caz de confirmare urm\u0103rirea evolu\u021biei, consilierea angajatorului \u0219i a angajatului privind reabilitarea, reorientarea \u015fi reinser\u0163ia profesional\u0103 \u00een caz de accident de munc\u0103 sau boal\u0103 profesional\u0103.<\/li>\n<li>consilierea privind angaja\u021bii cu <span style=\"color: #ff0000;\"><strong>supraveghere special\u0103<\/strong><\/span> (persoane cu v\u00e2rsta de peste 60 de ani \u00eemplini\u021bi, femei gravide, persoane cu handicap, persoane dependente de droguri, de alcool, st\u00e2ngace, persoane cu vederea monocular\u0103, persoane \u00een eviden\u021b\u0103 cu boli cronice)<\/li>\n<li>consilierea angajatorului cu privire la<span style=\"color: #ff0000;\"><strong> protec\u0163ia maternit\u0103\u0163ii la locul de munc\u0103<\/strong><\/span> potrivit legisla\u021biei \u00een vigoare.<\/li>\n<li>vizarea anual\u0103 a<strong> fi\u0219elor SSM<\/strong> din punct de vedere medical.<\/li>\n<li>consilierea angajatorului cu privire la verificarea corectitudinii eliber\u0103rii \u0219i gestionarea <strong>certificatelor de concediu medical\u00a0<\/strong>ajut\u00e2nd astfel la<span style=\"color: #ff0000;\"> <strong>sc\u0103derea absenteismului<\/strong><\/span> la locul de munc\u0103.<\/li>\n<li>consiliere privind <strong>condi\u021biile de igien\u0103 \u0219i s\u0103n\u0103tate<\/strong> \u00een munc\u0103 precum \u0219i m\u0103suri de \u00eembun\u0103t\u0103\u021bire, unde este cazul.<\/li>\n<\/ul>\n<ul>\n<li>!!!Examinarea angaja\u021bilor de c\u0103tre echipa medical\u0103 se poate realiza fie<span style=\"color: #ff0000;\"><strong> la sediul dvs<\/strong><\/span> fie \u00een<span style=\"color: #ff0000;\"><strong> Cabinetele PROPRII<\/strong><\/span>.<\/li>\n<\/ul>\n","protected":false},"excerpt":{"rendered":"<p>Venind \u00een \u00eent\u00e2mpinarea necesit\u0103\u021bii dvs de a v\u0103 conforma legisla\u021biei \u00een vigoare privind s\u0103n\u0103tatea \u0219i securitatea \u00een munc\u0103 (Legea 319\/2006 actualizat\u0103 \u0219i Normele de aplicare actualizate de HG 955\/2010, HG 355\/2007 actualizat\u0103 de HG 1069\/2011), oferim agen\u021bilor economici servicii complete de medicina muncii: Vizitarea locurilor de munc\u0103 \u0219i aprecierea obiectiv\u0103<a href=\"http:\/\/medicinamunciimures.ro\/wp\/?page_id=22\" class=\"read-more\">Read the Rest&#8230;<\/a><\/p>\n","protected":false},"author":1,"featured_media":0,"parent":0,"menu_order":1,"comment_status":"closed","ping_status":"closed","template":"","meta":{"om_disable_all_campaigns":false,"_monsterinsights_skip_tracking":false,"_monsterinsights_sitenote_active":false,"_monsterinsights_sitenote_note":"","_monsterinsights_sitenote_category":0,"footnotes":""},"class_list":["post-22","page","type-page","status-publish","hentry"],"aioseo_notices":[],"_links":{"self":[{"href":"http:\/\/medicinamunciimures.ro\/wp\/index.php?rest_route=\/wp\/v2\/pages\/22","targetHints":{"allow":["GET"]}}],"collection":[{"href":"http:\/\/medicinamunciimures.ro\/wp\/index.php?rest_route=\/wp\/v2\/pages"}],"about":[{"href":"http:\/\/medicinamunciimures.ro\/wp\/index.php?rest_route=\/wp\/v2\/types\/page"}],"author":[{"embeddable":true,"href":"http:\/\/medicinamunciimures.ro\/wp\/index.php?rest_route=\/wp\/v2\/users\/1"}],"replies":[{"embeddable":true,"href":"http:\/\/medicinamunciimures.ro\/wp\/index.php?rest_route=%2Fwp%2Fv2%2Fcomments&post=22"}],"version-history":[{"count":15,"href":"http:\/\/medicinamunciimures.ro\/wp\/index.php?rest_route=\/wp\/v2\/pages\/22\/revisions"}],"predecessor-version":[{"id":34,"href":"http:\/\/medicinamunciimures.ro\/wp\/index.php?rest_route=\/wp\/v2\/pages\/22\/revisions\/34"}],"wp:attachment":[{"href":"http:\/\/medicinamunciimures.ro\/wp\/index.php?rest_route=%2Fwp%2Fv2%2Fmedia&parent=22"}],"curies":[{"name":"wp","href":"https:\/\/api.w.org\/{rel}","templated":true}]}}