{"id":67,"date":"2012-10-13T10:20:02","date_gmt":"2012-10-13T08:20:02","guid":{"rendered":"http:\/\/medicinamunciimures.ro\/wp\/?page_id=67"},"modified":"2012-10-30T15:05:52","modified_gmt":"2012-10-30T13:05:52","slug":"utile","status":"publish","type":"page","link":"http:\/\/medicinamunciimures.ro\/wp\/?page_id=67","title":{"rendered":"UTILE"},"content":{"rendered":"<p><strong><span style=\"text-decoration: underline;\"><span style=\"color: #ff0000; text-decoration: underline;\">Institu\u021bii \u0219i Adrese Utile<\/span><\/span><\/strong><\/p>\n<p><a title=\"protectia muncii\" href=\"http:\/\/www.protectiamunciimures.ro\">Protec\u021bia muncii<\/a> &#8211; \u00eentruc\u00e2t cele dou\u0103 domenii sunt complementare pute\u021bi alege asocia\u021bii no\u0219trii pe linie de protec\u021bia muncii acces\u00e2nd direct linkul<\/p>\n<p><a title=\"ministerul sanatatii\" href=\"http:\/\/www.ms.ro\">Ministerul S\u0103n\u0103t\u0103\u021bii<\/a><\/p>\n<p><a title=\"DSP Mures\" href=\"http:\/\/www.aspms.ro\">Direc\u021bia de S\u0103n\u0103tate Public\u0103 Mure\u0219<\/a><\/p>\n<p><a title=\"artificii\" href=\"http:\/\/www.artificiibistrita.ro\">Jocuri profesionale de artificii<\/a><\/p>\n<p>&nbsp;<\/p>\n","protected":false},"excerpt":{"rendered":"<p>Institu\u021bii \u0219i Adrese Utile Protec\u021bia muncii &#8211; \u00eentruc\u00e2t cele dou\u0103 domenii sunt complementare pute\u021bi alege asocia\u021bii no\u0219trii pe linie de protec\u021bia muncii acces\u00e2nd direct linkul Ministerul S\u0103n\u0103t\u0103\u021bii Direc\u021bia de S\u0103n\u0103tate Public\u0103 Mure\u0219 Jocuri profesionale de artificii &nbsp;<\/p>\n","protected":false},"author":1,"featured_media":0,"parent":0,"menu_order":3,"comment_status":"closed","ping_status":"open","template":"","meta":{"om_disable_all_campaigns":false,"_monsterinsights_skip_tracking":false,"_monsterinsights_sitenote_active":false,"_monsterinsights_sitenote_note":"","_monsterinsights_sitenote_category":0,"footnotes":""},"class_list":["post-67","page","type-page","status-publish","hentry"],"aioseo_notices":[],"_links":{"self":[{"href":"http:\/\/medicinamunciimures.ro\/wp\/index.php?rest_route=\/wp\/v2\/pages\/67","targetHints":{"allow":["GET"]}}],"collection":[{"href":"http:\/\/medicinamunciimures.ro\/wp\/index.php?rest_route=\/wp\/v2\/pages"}],"about":[{"href":"http:\/\/medicinamunciimures.ro\/wp\/index.php?rest_route=\/wp\/v2\/types\/page"}],"author":[{"embeddable":true,"href":"http:\/\/medicinamunciimures.ro\/wp\/index.php?rest_route=\/wp\/v2\/users\/1"}],"replies":[{"embeddable":true,"href":"http:\/\/medicinamunciimures.ro\/wp\/index.php?rest_route=%2Fwp%2Fv2%2Fcomments&post=67"}],"version-history":[{"count":11,"href":"http:\/\/medicinamunciimures.ro\/wp\/index.php?rest_route=\/wp\/v2\/pages\/67\/revisions"}],"predecessor-version":[{"id":143,"href":"http:\/\/medicinamunciimures.ro\/wp\/index.php?rest_route=\/wp\/v2\/pages\/67\/revisions\/143"}],"wp:attachment":[{"href":"http:\/\/medicinamunciimures.ro\/wp\/index.php?rest_route=%2Fwp%2Fv2%2Fmedia&parent=67"}],"curies":[{"name":"wp","href":"https:\/\/api.w.org\/{rel}","templated":true}]}}